{"id":552,"date":"2022-03-31T08:38:36","date_gmt":"2022-03-31T08:38:36","guid":{"rendered":"https:\/\/www.viitanenyhtiot.fi\/?page_id=552"},"modified":"2024-05-31T08:11:57","modified_gmt":"2024-05-31T08:11:57","slug":"yritys-2","status":"publish","type":"page","link":"https:\/\/www.viitanenyhtiot.fi\/?page_id=552","title":{"rendered":"Yritys"},"content":{"rendered":"\t\t<div data-elementor-type=\"wp-page\" data-elementor-id=\"552\" class=\"elementor elementor-552\" data-elementor-post-type=\"page\">\n\t\t\t\t\t\t<section class=\"elementor-section elementor-top-section elementor-element elementor-element-9f9b02c elementor-section-full_width elementor-section-height-default elementor-section-height-default\" data-id=\"9f9b02c\" data-element_type=\"section\">\n\t\t\t\t\t\t<div class=\"elementor-container elementor-column-gap-default\">\n\t\t\t\t\t<div class=\"elementor-column elementor-col-100 elementor-top-column elementor-element elementor-element-dce70da\" data-id=\"dce70da\" data-element_type=\"column\">\n\t\t\t<div class=\"elementor-widget-wrap elementor-element-populated\">\n\t\t\t\t\t\t<section class=\"elementor-section elementor-inner-section elementor-element elementor-element-a5bec5f elementor-section-boxed elementor-section-height-default elementor-section-height-default\" data-id=\"a5bec5f\" data-element_type=\"section\">\n\t\t\t\t\t\t<div class=\"elementor-container elementor-column-gap-default\">\n\t\t\t\t\t<div class=\"elementor-column elementor-col-100 elementor-inner-column elementor-element elementor-element-23048ce animated-slow elementor-invisible\" data-id=\"23048ce\" data-element_type=\"column\" data-settings=\"{&quot;background_background&quot;:&quot;classic&quot;,&quot;animation&quot;:&quot;fadeIn&quot;}\">\n\t\t\t<div class=\"elementor-widget-wrap elementor-element-populated\">\n\t\t\t\t\t\t<div class=\"elementor-element elementor-element-2be7909 elementor-widget elementor-widget-heading\" data-id=\"2be7909\" data-element_type=\"widget\" data-widget_type=\"heading.default\">\n\t\t\t\t<div class=\"elementor-widget-container\">\n\t\t\t<style>\/*! elementor - v3.21.0 - 26-05-2024 *\/\n.elementor-heading-title{padding:0;margin:0;line-height:1}.elementor-widget-heading .elementor-heading-title[class*=elementor-size-]>a{color:inherit;font-size:inherit;line-height:inherit}.elementor-widget-heading .elementor-heading-title.elementor-size-small{font-size:15px}.elementor-widget-heading .elementor-heading-title.elementor-size-medium{font-size:19px}.elementor-widget-heading .elementor-heading-title.elementor-size-large{font-size:29px}.elementor-widget-heading .elementor-heading-title.elementor-size-xl{font-size:39px}.elementor-widget-heading .elementor-heading-title.elementor-size-xxl{font-size:59px}<\/style><h2 class=\"elementor-heading-title elementor-size-default\">Viitanen Yhti\u00f6t Oy:n tarina<\/h2>\t\t<\/div>\n\t\t\t\t<\/div>\n\t\t\t\t<div class=\"elementor-element elementor-element-88a2331 elementor-widget elementor-widget-spacer\" data-id=\"88a2331\" data-element_type=\"widget\" data-widget_type=\"spacer.default\">\n\t\t\t\t<div class=\"elementor-widget-container\">\n\t\t\t<style>\/*! elementor - v3.21.0 - 26-05-2024 *\/\n.elementor-column .elementor-spacer-inner{height:var(--spacer-size)}.e-con{--container-widget-width:100%}.e-con-inner>.elementor-widget-spacer,.e-con>.elementor-widget-spacer{width:var(--container-widget-width,var(--spacer-size));--align-self:var(--container-widget-align-self,initial);--flex-shrink:0}.e-con-inner>.elementor-widget-spacer>.elementor-widget-container,.e-con>.elementor-widget-spacer>.elementor-widget-container{height:100%;width:100%}.e-con-inner>.elementor-widget-spacer>.elementor-widget-container>.elementor-spacer,.e-con>.elementor-widget-spacer>.elementor-widget-container>.elementor-spacer{height:100%}.e-con-inner>.elementor-widget-spacer>.elementor-widget-container>.elementor-spacer>.elementor-spacer-inner,.e-con>.elementor-widget-spacer>.elementor-widget-container>.elementor-spacer>.elementor-spacer-inner{height:var(--container-widget-height,var(--spacer-size))}.e-con-inner>.elementor-widget-spacer.elementor-widget-empty,.e-con>.elementor-widget-spacer.elementor-widget-empty{position:relative;min-height:22px;min-width:22px}.e-con-inner>.elementor-widget-spacer.elementor-widget-empty .elementor-widget-empty-icon,.e-con>.elementor-widget-spacer.elementor-widget-empty .elementor-widget-empty-icon{position:absolute;top:0;bottom:0;left:0;right:0;margin:auto;padding:0;width:22px;height:22px}<\/style>\t\t<div class=\"elementor-spacer\">\n\t\t\t<div class=\"elementor-spacer-inner\"><\/div>\n\t\t<\/div>\n\t\t\t\t<\/div>\n\t\t\t\t<\/div>\n\t\t\t\t<div class=\"elementor-element elementor-element-0455f85 elementor-widget elementor-widget-text-editor\" data-id=\"0455f85\" data-element_type=\"widget\" data-widget_type=\"text-editor.default\">\n\t\t\t\t<div class=\"elementor-widget-container\">\n\t\t\t<style>\/*! elementor - v3.21.0 - 26-05-2024 *\/\n.elementor-widget-text-editor.elementor-drop-cap-view-stacked .elementor-drop-cap{background-color:#69727d;color:#fff}.elementor-widget-text-editor.elementor-drop-cap-view-framed .elementor-drop-cap{color:#69727d;border:3px solid;background-color:transparent}.elementor-widget-text-editor:not(.elementor-drop-cap-view-default) .elementor-drop-cap{margin-top:8px}.elementor-widget-text-editor:not(.elementor-drop-cap-view-default) .elementor-drop-cap-letter{width:1em;height:1em}.elementor-widget-text-editor .elementor-drop-cap{float:left;text-align:center;line-height:1;font-size:50px}.elementor-widget-text-editor .elementor-drop-cap-letter{display:inline-block}<\/style>\t\t\t\t<p>Aikojen alussa oli suo, kuokka ja Jussi. Hetkinen, korjataanpas hieman\u2026 Alussa ei siis ollut suota, eik\u00e4 kuokkaa, sent\u00e4\u00e4n Jussi l\u00f6ytyi kokoonpanosta. Jussi oikealta nimelt\u00e4\u00e4n Juhani Viitanen, aloitti ty\u00f6t metsurina jo 70-luvun aikana. Viitanen yhti\u00f6t Oy:n tarina alkaakin seuraavasti: Aikojen alussa oli mett\u00e4, saha ja Juhani. H\u00e4n toimi metsurina kymmenkunta vuotta, samalla perhett\u00e4 perustaen. Juhanin taival metsurina sai uuden suunnan 1986, jolloin saha vaihtui Pika 36 h\u00e4nt\u00e4motoon. Homma toimi ja Pika 36 palveli auliisti Juhanin rinnalla seuraavat 20 vuotta, traktoreiden vaihtuessa vetopaikalta. N\u00e4in Viitanen Yhti\u00f6t Oy:n siemenet kylvettiin, ja yhti\u00f6n toiminta sai vankan pohjan Juhanin periksiantamattomuudella ja kovalla ty\u00f6ll\u00e4.&nbsp;<\/p>\n<p>Aikansa kutakin. Vuonna 2008, Juhani p\u00e4\u00e4tti j\u00e4\u00e4d\u00e4 taka-alalle ja luovuttaa yrityksen vetovastuun j\u00e4lkipolvelleen. Nelj\u00e4st\u00e4 vesasta nuorimmainen, Timo istui yrityksen ohjaamoon ja on siit\u00e4 l\u00e4htien puikottanut yrityst\u00e4 eteenp\u00e4in menestykk\u00e4\u00e4sti, Jarnon istuessa pelk\u00e4\u00e4j\u00e4n paikalla. Veljesten siskot Jonna ja Salla ovat mukana yrityksess\u00e4 omistajina. Ja ei siltik\u00e4\u00e4n unohdeta Juhania, joka j\u00e4tt\u00e4ytyi taka-alalle.. H\u00e4net voi edelleen bongata yrityksen hallilta tekem\u00e4ss\u00e4 koneremonttia. Usein jopa aamusta iltaan.<\/p>\n<p><span class=\"TextRun SCXW9002479 BCX4\" lang=\"FI-FI\" xml:lang=\"FI-FI\" data-contrast=\"none\"><span class=\"NormalTextRun SCXW9002479 BCX4\">Vuodesta 2008 Viitanen Yhti\u00f6t on toiminut osakeyhti\u00f6n\u00e4, ja sit\u00e4 on kasvatettu tarkoin ja hartaasti nykyiseen muotoonsa. Toiminta on laajentunut ja mets\u00e4koneurakointi on saanut rinnalleen maanrakennuksen, ritil\u00e4rakenteiden valmistamiseen, sek\u00e4 asuinrakennuksien rakentamiseen. Huolellisesti ja m\u00e4\u00e4r\u00e4tietoisesti rakennetusta pohjasta on kehittynyt vakaa ja menestyv\u00e4 yritys. <\/span><\/span><span class=\"EOP SCXW9002479 BCX4\" data-ccp-props=\"{}\">&nbsp;<\/span><\/p>\t\t\t\t\t\t<\/div>\n\t\t\t\t<\/div>\n\t\t\t\t\t<\/div>\n\t\t<\/div>\n\t\t\t\t\t<\/div>\n\t\t<\/section>\n\t\t\t\t\t<\/div>\n\t\t<\/div>\n\t\t\t\t\t<\/div>\n\t\t<\/section>\n\t\t\t\t<\/div>\n\t\t","protected":false},"excerpt":{"rendered":"<p>Viitanen Yhti\u00f6t Oy:n tarina Aikojen alussa oli suo, kuokka ja Jussi. Hetkinen, korjataanpas hieman\u2026 Alussa ei siis ollut suota, eik\u00e4 kuokkaa, sent\u00e4\u00e4n Jussi l\u00f6ytyi kokoonpanosta. Jussi oikealta nimelt\u00e4\u00e4n Juhani Viitanen, aloitti ty\u00f6t metsurina jo 70-luvun aikana. Viitanen yhti\u00f6t Oy:n tarina alkaakin seuraavasti: Aikojen alussa oli mett\u00e4, saha ja Juhani. H\u00e4n toimi metsurina kymmenkunta vuotta, samalla&hellip;&nbsp;<a href=\"https:\/\/www.viitanenyhtiot.fi\/?page_id=552\" class=\"\" rel=\"bookmark\">Lue lis\u00e4\u00e4 &raquo;<span class=\"screen-reader-text\">Yritys<\/span><\/a><\/p>\n","protected":false},"author":1,"featured_media":0,"parent":0,"menu_order":0,"comment_status":"closed","ping_status":"closed","template":"elementor_header_footer","meta":{"neve_meta_sidebar":"","neve_meta_container":"","neve_meta_enable_content_width":"off","neve_meta_content_width":100,"neve_meta_title_alignment":"","neve_meta_author_avatar":"","neve_post_elements_order":"","neve_meta_disable_header":"","neve_meta_disable_footer":"","neve_meta_disable_title":"","footnotes":""},"yoast_head":"<!-- This site is optimized with the Yoast SEO plugin v22.8 - https:\/\/yoast.com\/wordpress\/plugins\/seo\/ -->\n<title>Yritys - Viitanen Yhti&ouml;t Oy<\/title>\n<meta name=\"robots\" content=\"index, follow, max-snippet:-1, max-image-preview:large, max-video-preview:-1\" \/>\n<link rel=\"canonical\" href=\"https:\/\/www.viitanenyhtiot.fi\/?page_id=552\" \/>\n<meta property=\"og:locale\" content=\"fi_FI\" \/>\n<meta property=\"og:type\" content=\"article\" \/>\n<meta property=\"og:title\" content=\"Yritys - Viitanen Yhti&ouml;t Oy\" \/>\n<meta property=\"og:description\" content=\"Viitanen Yhti\u00f6t Oy:n tarina Aikojen alussa oli suo, kuokka ja Jussi. Hetkinen, korjataanpas hieman\u2026 Alussa ei siis ollut suota, eik\u00e4 kuokkaa, sent\u00e4\u00e4n Jussi l\u00f6ytyi kokoonpanosta. Jussi oikealta nimelt\u00e4\u00e4n Juhani Viitanen, aloitti ty\u00f6t metsurina jo 70-luvun aikana. Viitanen yhti\u00f6t Oy:n tarina alkaakin seuraavasti: Aikojen alussa oli mett\u00e4, saha ja Juhani. H\u00e4n toimi metsurina kymmenkunta vuotta, samalla&hellip;&nbsp;Lue lis\u00e4\u00e4 &raquo;Yritys\" \/>\n<meta property=\"og:url\" content=\"https:\/\/www.viitanenyhtiot.fi\/?page_id=552\" \/>\n<meta property=\"og:site_name\" content=\"Viitanen Yhti&ouml;t Oy\" \/>\n<meta property=\"article:modified_time\" content=\"2024-05-31T08:11:57+00:00\" \/>\n<meta name=\"twitter:card\" content=\"summary_large_image\" \/>\n<meta name=\"twitter:label1\" content=\"Arvioitu lukuaika\" \/>\n\t<meta name=\"twitter:data1\" content=\"2 minuuttia\" \/>\n<script type=\"application\/ld+json\" class=\"yoast-schema-graph\">{\"@context\":\"https:\/\/schema.org\",\"@graph\":[{\"@type\":\"WebPage\",\"@id\":\"https:\/\/www.viitanenyhtiot.fi\/?page_id=552\",\"url\":\"https:\/\/www.viitanenyhtiot.fi\/?page_id=552\",\"name\":\"Yritys - Viitanen Yhti&ouml;t Oy\",\"isPartOf\":{\"@id\":\"https:\/\/www.viitanenyhtiot.fi\/#website\"},\"datePublished\":\"2022-03-31T08:38:36+00:00\",\"dateModified\":\"2024-05-31T08:11:57+00:00\",\"breadcrumb\":{\"@id\":\"https:\/\/www.viitanenyhtiot.fi\/?page_id=552#breadcrumb\"},\"inLanguage\":\"fi\",\"potentialAction\":[{\"@type\":\"ReadAction\",\"target\":[\"https:\/\/www.viitanenyhtiot.fi\/?page_id=552\"]}]},{\"@type\":\"BreadcrumbList\",\"@id\":\"https:\/\/www.viitanenyhtiot.fi\/?page_id=552#breadcrumb\",\"itemListElement\":[{\"@type\":\"ListItem\",\"position\":1,\"name\":\"Etusivu\",\"item\":\"https:\/\/www.viitanenyhtiot.fi\/\"},{\"@type\":\"ListItem\",\"position\":2,\"name\":\"Yritys\"}]},{\"@type\":\"WebSite\",\"@id\":\"https:\/\/www.viitanenyhtiot.fi\/#website\",\"url\":\"https:\/\/www.viitanenyhtiot.fi\/\",\"name\":\"Viitanen Yhti&ouml;t Oy\",\"description\":\"urakointi\",\"publisher\":{\"@id\":\"https:\/\/www.viitanenyhtiot.fi\/#organization\"},\"potentialAction\":[{\"@type\":\"SearchAction\",\"target\":{\"@type\":\"EntryPoint\",\"urlTemplate\":\"https:\/\/www.viitanenyhtiot.fi\/?s={search_term_string}\"},\"query-input\":\"required name=search_term_string\"}],\"inLanguage\":\"fi\"},{\"@type\":\"Organization\",\"@id\":\"https:\/\/www.viitanenyhtiot.fi\/#organization\",\"name\":\"Viitanen yhti\u00f6t Oy\",\"url\":\"https:\/\/www.viitanenyhtiot.fi\/\",\"logo\":{\"@type\":\"ImageObject\",\"inLanguage\":\"fi\",\"@id\":\"https:\/\/www.viitanenyhtiot.fi\/#\/schema\/logo\/image\/\",\"url\":\"https:\/\/www.viitanenyhtiot.fi\/wp-content\/uploads\/2022\/02\/PHOTO-2022-02-05-12-12-27.jpg\",\"contentUrl\":\"https:\/\/www.viitanenyhtiot.fi\/wp-content\/uploads\/2022\/02\/PHOTO-2022-02-05-12-12-27.jpg\",\"width\":396,\"height\":97,\"caption\":\"Viitanen yhti\u00f6t Oy\"},\"image\":{\"@id\":\"https:\/\/www.viitanenyhtiot.fi\/#\/schema\/logo\/image\/\"}}]}<\/script>\n<!-- \/ Yoast SEO plugin. -->","yoast_head_json":{"title":"Yritys - Viitanen Yhti&ouml;t Oy","robots":{"index":"index","follow":"follow","max-snippet":"max-snippet:-1","max-image-preview":"max-image-preview:large","max-video-preview":"max-video-preview:-1"},"canonical":"https:\/\/www.viitanenyhtiot.fi\/?page_id=552","og_locale":"fi_FI","og_type":"article","og_title":"Yritys - Viitanen Yhti&ouml;t Oy","og_description":"Viitanen Yhti\u00f6t Oy:n tarina Aikojen alussa oli suo, kuokka ja Jussi. Hetkinen, korjataanpas hieman\u2026 Alussa ei siis ollut suota, eik\u00e4 kuokkaa, sent\u00e4\u00e4n Jussi l\u00f6ytyi kokoonpanosta. Jussi oikealta nimelt\u00e4\u00e4n Juhani Viitanen, aloitti ty\u00f6t metsurina jo 70-luvun aikana. Viitanen yhti\u00f6t Oy:n tarina alkaakin seuraavasti: Aikojen alussa oli mett\u00e4, saha ja Juhani. H\u00e4n toimi metsurina kymmenkunta vuotta, samalla&hellip;&nbsp;Lue lis\u00e4\u00e4 &raquo;Yritys","og_url":"https:\/\/www.viitanenyhtiot.fi\/?page_id=552","og_site_name":"Viitanen Yhti&ouml;t Oy","article_modified_time":"2024-05-31T08:11:57+00:00","twitter_card":"summary_large_image","twitter_misc":{"Arvioitu lukuaika":"2 minuuttia"},"schema":{"@context":"https:\/\/schema.org","@graph":[{"@type":"WebPage","@id":"https:\/\/www.viitanenyhtiot.fi\/?page_id=552","url":"https:\/\/www.viitanenyhtiot.fi\/?page_id=552","name":"Yritys - Viitanen Yhti&ouml;t Oy","isPartOf":{"@id":"https:\/\/www.viitanenyhtiot.fi\/#website"},"datePublished":"2022-03-31T08:38:36+00:00","dateModified":"2024-05-31T08:11:57+00:00","breadcrumb":{"@id":"https:\/\/www.viitanenyhtiot.fi\/?page_id=552#breadcrumb"},"inLanguage":"fi","potentialAction":[{"@type":"ReadAction","target":["https:\/\/www.viitanenyhtiot.fi\/?page_id=552"]}]},{"@type":"BreadcrumbList","@id":"https:\/\/www.viitanenyhtiot.fi\/?page_id=552#breadcrumb","itemListElement":[{"@type":"ListItem","position":1,"name":"Etusivu","item":"https:\/\/www.viitanenyhtiot.fi\/"},{"@type":"ListItem","position":2,"name":"Yritys"}]},{"@type":"WebSite","@id":"https:\/\/www.viitanenyhtiot.fi\/#website","url":"https:\/\/www.viitanenyhtiot.fi\/","name":"Viitanen Yhti&ouml;t Oy","description":"urakointi","publisher":{"@id":"https:\/\/www.viitanenyhtiot.fi\/#organization"},"potentialAction":[{"@type":"SearchAction","target":{"@type":"EntryPoint","urlTemplate":"https:\/\/www.viitanenyhtiot.fi\/?s={search_term_string}"},"query-input":"required name=search_term_string"}],"inLanguage":"fi"},{"@type":"Organization","@id":"https:\/\/www.viitanenyhtiot.fi\/#organization","name":"Viitanen yhti\u00f6t Oy","url":"https:\/\/www.viitanenyhtiot.fi\/","logo":{"@type":"ImageObject","inLanguage":"fi","@id":"https:\/\/www.viitanenyhtiot.fi\/#\/schema\/logo\/image\/","url":"https:\/\/www.viitanenyhtiot.fi\/wp-content\/uploads\/2022\/02\/PHOTO-2022-02-05-12-12-27.jpg","contentUrl":"https:\/\/www.viitanenyhtiot.fi\/wp-content\/uploads\/2022\/02\/PHOTO-2022-02-05-12-12-27.jpg","width":396,"height":97,"caption":"Viitanen yhti\u00f6t Oy"},"image":{"@id":"https:\/\/www.viitanenyhtiot.fi\/#\/schema\/logo\/image\/"}}]}},"_links":{"self":[{"href":"https:\/\/www.viitanenyhtiot.fi\/index.php?rest_route=\/wp\/v2\/pages\/552"}],"collection":[{"href":"https:\/\/www.viitanenyhtiot.fi\/index.php?rest_route=\/wp\/v2\/pages"}],"about":[{"href":"https:\/\/www.viitanenyhtiot.fi\/index.php?rest_route=\/wp\/v2\/types\/page"}],"author":[{"embeddable":true,"href":"https:\/\/www.viitanenyhtiot.fi\/index.php?rest_route=\/wp\/v2\/users\/1"}],"replies":[{"embeddable":true,"href":"https:\/\/www.viitanenyhtiot.fi\/index.php?rest_route=%2Fwp%2Fv2%2Fcomments&post=552"}],"version-history":[{"count":94,"href":"https:\/\/www.viitanenyhtiot.fi\/index.php?rest_route=\/wp\/v2\/pages\/552\/revisions"}],"predecessor-version":[{"id":2981,"href":"https:\/\/www.viitanenyhtiot.fi\/index.php?rest_route=\/wp\/v2\/pages\/552\/revisions\/2981"}],"wp:attachment":[{"href":"https:\/\/www.viitanenyhtiot.fi\/index.php?rest_route=%2Fwp%2Fv2%2Fmedia&parent=552"}],"curies":[{"name":"wp","href":"https:\/\/api.w.org\/{rel}","templated":true}]}}