{"id":491,"date":"2022-03-31T08:29:41","date_gmt":"2022-03-31T08:29:41","guid":{"rendered":"https:\/\/www.viitanenyhtiot.fi\/?page_id=491"},"modified":"2024-05-31T09:20:00","modified_gmt":"2024-05-31T09:20:00","slug":"metsakoneurakointi","status":"publish","type":"page","link":"https:\/\/www.viitanenyhtiot.fi\/?page_id=491","title":{"rendered":"Mets\u00e4koneurakointi"},"content":{"rendered":"\t\t<div data-elementor-type=\"wp-page\" data-elementor-id=\"491\" class=\"elementor elementor-491\" data-elementor-post-type=\"page\">\n\t\t\t\t\t\t<section class=\"elementor-section elementor-top-section elementor-element elementor-element-1f24850a elementor-section-full_width elementor-section-height-min-height animated-slow elementor-section-height-default elementor-section-items-middle elementor-invisible\" data-id=\"1f24850a\" data-element_type=\"section\" data-settings=\"{&quot;background_background&quot;:&quot;classic&quot;,&quot;animation&quot;:&quot;fadeIn&quot;}\">\n\t\t\t\t\t\t\t<div class=\"elementor-background-overlay\"><\/div>\n\t\t\t\t\t\t\t<div class=\"elementor-container elementor-column-gap-default\">\n\t\t\t\t\t<div class=\"elementor-column elementor-col-100 elementor-top-column elementor-element elementor-element-2b8101bc\" data-id=\"2b8101bc\" data-element_type=\"column\">\n\t\t\t<div class=\"elementor-widget-wrap elementor-element-populated\">\n\t\t\t\t\t\t<div class=\"elementor-element elementor-element-527d97c elementor-absolute animated-slow elementor-invisible elementor-widget elementor-widget-heading\" data-id=\"527d97c\" data-element_type=\"widget\" data-settings=\"{&quot;_position&quot;:&quot;absolute&quot;,&quot;_animation&quot;:&quot;fadeInLeft&quot;,&quot;_animation_delay&quot;:1000}\" data-widget_type=\"heading.default\">\n\t\t\t\t<div class=\"elementor-widget-container\">\n\t\t\t<style>\/*! elementor - v3.21.0 - 26-05-2024 *\/\n.elementor-heading-title{padding:0;margin:0;line-height:1}.elementor-widget-heading .elementor-heading-title[class*=elementor-size-]>a{color:inherit;font-size:inherit;line-height:inherit}.elementor-widget-heading .elementor-heading-title.elementor-size-small{font-size:15px}.elementor-widget-heading .elementor-heading-title.elementor-size-medium{font-size:19px}.elementor-widget-heading .elementor-heading-title.elementor-size-large{font-size:29px}.elementor-widget-heading .elementor-heading-title.elementor-size-xl{font-size:39px}.elementor-widget-heading .elementor-heading-title.elementor-size-xxl{font-size:59px}<\/style><h2 class=\"elementor-heading-title elementor-size-default\">Mets\u00e4koneurakointi<\/h2>\t\t<\/div>\n\t\t\t\t<\/div>\n\t\t\t\t\t<\/div>\n\t\t<\/div>\n\t\t\t\t\t<\/div>\n\t\t<\/section>\n\t\t\t\t<section class=\"elementor-section elementor-top-section elementor-element elementor-element-6c2e7019 elementor-section-full_width elementor-section-height-min-height elementor-section-height-default elementor-section-items-middle\" data-id=\"6c2e7019\" data-element_type=\"section\">\n\t\t\t\t\t\t<div class=\"elementor-container elementor-column-gap-default\">\n\t\t\t\t\t<div class=\"elementor-column elementor-col-100 elementor-top-column elementor-element elementor-element-22fa926f\" data-id=\"22fa926f\" data-element_type=\"column\">\n\t\t\t<div class=\"elementor-widget-wrap elementor-element-populated\">\n\t\t\t\t\t\t<section class=\"elementor-section elementor-inner-section elementor-element elementor-element-49e48e43 animated-slow elementor-section-height-min-height elementor-section-boxed elementor-section-height-default elementor-invisible\" data-id=\"49e48e43\" data-element_type=\"section\" data-settings=\"{&quot;background_background&quot;:&quot;classic&quot;,&quot;animation&quot;:&quot;fadeIn&quot;}\">\n\t\t\t\t\t\t<div class=\"elementor-container elementor-column-gap-default\">\n\t\t\t\t\t<div class=\"elementor-column elementor-col-100 elementor-inner-column elementor-element elementor-element-79c805cf\" data-id=\"79c805cf\" data-element_type=\"column\">\n\t\t\t<div class=\"elementor-widget-wrap elementor-element-populated\">\n\t\t\t\t\t\t<div class=\"elementor-element elementor-element-1fb80f8c elementor-widget elementor-widget-heading\" data-id=\"1fb80f8c\" data-element_type=\"widget\" data-widget_type=\"heading.default\">\n\t\t\t\t<div class=\"elementor-widget-container\">\n\t\t\t<h2 class=\"elementor-heading-title elementor-size-default\">Mets\u00e4koneurakointia jo vuodesta -86.<\/h2>\t\t<\/div>\n\t\t\t\t<\/div>\n\t\t\t\t<div class=\"elementor-element elementor-element-51e8c5e3 elementor-widget elementor-widget-text-editor\" data-id=\"51e8c5e3\" data-element_type=\"widget\" data-widget_type=\"text-editor.default\">\n\t\t\t\t<div class=\"elementor-widget-container\">\n\t\t\t<style>\/*! elementor - v3.21.0 - 26-05-2024 *\/\n.elementor-widget-text-editor.elementor-drop-cap-view-stacked .elementor-drop-cap{background-color:#69727d;color:#fff}.elementor-widget-text-editor.elementor-drop-cap-view-framed .elementor-drop-cap{color:#69727d;border:3px solid;background-color:transparent}.elementor-widget-text-editor:not(.elementor-drop-cap-view-default) .elementor-drop-cap{margin-top:8px}.elementor-widget-text-editor:not(.elementor-drop-cap-view-default) .elementor-drop-cap-letter{width:1em;height:1em}.elementor-widget-text-editor .elementor-drop-cap{float:left;text-align:center;line-height:1;font-size:50px}.elementor-widget-text-editor .elementor-drop-cap-letter{display:inline-block}<\/style>\t\t\t\t<p>Meill\u00e4 on 36 vuoden kokemus mets\u00e4koneurakoinnista.\u00a0<\/p><p>Palveluihimme kuuluu\u00a0uudistushakkuut, harvennushakkuut, ensiharvennushakkuut, sek\u00e4 my\u00f6s pienempi muotoiset tontinraivaus hakkuut.<\/p><p>\u00a0<\/p>\t\t\t\t\t\t<\/div>\n\t\t\t\t<\/div>\n\t\t\t\t\t<\/div>\n\t\t<\/div>\n\t\t\t\t\t<\/div>\n\t\t<\/section>\n\t\t\t\t\t<\/div>\n\t\t<\/div>\n\t\t\t\t\t<\/div>\n\t\t<\/section>\n\t\t\t\t<section class=\"elementor-section elementor-top-section elementor-element elementor-element-20da4e08 elementor-section-full_width elementor-section-height-default elementor-section-height-default\" data-id=\"20da4e08\" data-element_type=\"section\">\n\t\t\t\t\t\t<div class=\"elementor-container elementor-column-gap-default\">\n\t\t\t\t\t<div class=\"elementor-column elementor-col-100 elementor-top-column elementor-element elementor-element-234ee2a4\" data-id=\"234ee2a4\" data-element_type=\"column\">\n\t\t\t<div class=\"elementor-widget-wrap elementor-element-populated\">\n\t\t\t\t\t\t<section class=\"elementor-section elementor-inner-section elementor-element elementor-element-405895cb animated-slow elementor-section-height-min-height elementor-section-boxed elementor-section-height-default elementor-invisible\" data-id=\"405895cb\" data-element_type=\"section\" data-settings=\"{&quot;background_background&quot;:&quot;classic&quot;,&quot;animation&quot;:&quot;fadeIn&quot;}\">\n\t\t\t\t\t\t<div class=\"elementor-container elementor-column-gap-default\">\n\t\t\t\t\t<div class=\"elementor-column elementor-col-50 elementor-inner-column elementor-element elementor-element-38d20a36\" data-id=\"38d20a36\" data-element_type=\"column\" data-settings=\"{&quot;background_background&quot;:&quot;classic&quot;}\">\n\t\t\t<div class=\"elementor-widget-wrap elementor-element-populated\">\n\t\t\t\t\t\t<div class=\"elementor-element elementor-element-5ff8486 elementor-widget elementor-widget-spacer\" data-id=\"5ff8486\" data-element_type=\"widget\" data-widget_type=\"spacer.default\">\n\t\t\t\t<div class=\"elementor-widget-container\">\n\t\t\t<style>\/*! elementor - v3.21.0 - 26-05-2024 *\/\n.elementor-column .elementor-spacer-inner{height:var(--spacer-size)}.e-con{--container-widget-width:100%}.e-con-inner>.elementor-widget-spacer,.e-con>.elementor-widget-spacer{width:var(--container-widget-width,var(--spacer-size));--align-self:var(--container-widget-align-self,initial);--flex-shrink:0}.e-con-inner>.elementor-widget-spacer>.elementor-widget-container,.e-con>.elementor-widget-spacer>.elementor-widget-container{height:100%;width:100%}.e-con-inner>.elementor-widget-spacer>.elementor-widget-container>.elementor-spacer,.e-con>.elementor-widget-spacer>.elementor-widget-container>.elementor-spacer{height:100%}.e-con-inner>.elementor-widget-spacer>.elementor-widget-container>.elementor-spacer>.elementor-spacer-inner,.e-con>.elementor-widget-spacer>.elementor-widget-container>.elementor-spacer>.elementor-spacer-inner{height:var(--container-widget-height,var(--spacer-size))}.e-con-inner>.elementor-widget-spacer.elementor-widget-empty,.e-con>.elementor-widget-spacer.elementor-widget-empty{position:relative;min-height:22px;min-width:22px}.e-con-inner>.elementor-widget-spacer.elementor-widget-empty .elementor-widget-empty-icon,.e-con>.elementor-widget-spacer.elementor-widget-empty .elementor-widget-empty-icon{position:absolute;top:0;bottom:0;left:0;right:0;margin:auto;padding:0;width:22px;height:22px}<\/style>\t\t<div class=\"elementor-spacer\">\n\t\t\t<div class=\"elementor-spacer-inner\"><\/div>\n\t\t<\/div>\n\t\t\t\t<\/div>\n\t\t\t\t<\/div>\n\t\t\t\t\t<\/div>\n\t\t<\/div>\n\t\t\t\t<div class=\"elementor-column elementor-col-50 elementor-inner-column elementor-element elementor-element-d1c4a15\" data-id=\"d1c4a15\" data-element_type=\"column\">\n\t\t\t<div class=\"elementor-widget-wrap elementor-element-populated\">\n\t\t\t\t\t\t<div class=\"elementor-element elementor-element-4f2bede1 elementor-widget elementor-widget-heading\" data-id=\"4f2bede1\" data-element_type=\"widget\" data-widget_type=\"heading.default\">\n\t\t\t\t<div class=\"elementor-widget-container\">\n\t\t\t<h2 class=\"elementor-heading-title elementor-size-default\">P\u00e4\u00e4tehakkuu eli uudistushakkuu:\u00a0\n<\/h2>\t\t<\/div>\n\t\t\t\t<\/div>\n\t\t\t\t<div class=\"elementor-element elementor-element-ee052aa elementor-widget elementor-widget-text-editor\" data-id=\"ee052aa\" data-element_type=\"widget\" data-widget_type=\"text-editor.default\">\n\t\t\t\t<div class=\"elementor-widget-container\">\n\t\t\t\t\t\t\t<p><span data-contrast=\"auto\">Kyps\u00e4\u00e4n ik\u00e4\u00e4n p\u00e4\u00e4ssyt puusto korjataan talteen ja mets\u00e4 uudistetaan. Uudistushakkuita on avohakkuu, siemen- ja suojapuuhakkuu, kaistalehakkuu ja pienaukkohakkuu.<\/span><span data-ccp-props=\"{}\">\u00a0<\/span><\/p>\t\t\t\t\t\t<\/div>\n\t\t\t\t<\/div>\n\t\t\t\t\t<\/div>\n\t\t<\/div>\n\t\t\t\t\t<\/div>\n\t\t<\/section>\n\t\t\t\t<section class=\"elementor-section elementor-inner-section elementor-element elementor-element-b546a0f elementor-section-height-min-height animated-slow elementor-section-boxed elementor-section-height-default elementor-invisible\" data-id=\"b546a0f\" data-element_type=\"section\" data-settings=\"{&quot;background_background&quot;:&quot;classic&quot;,&quot;animation&quot;:&quot;fadeIn&quot;}\">\n\t\t\t\t\t\t<div class=\"elementor-container elementor-column-gap-default\">\n\t\t\t\t\t<div class=\"elementor-column elementor-col-100 elementor-inner-column elementor-element elementor-element-60b5536\" data-id=\"60b5536\" data-element_type=\"column\">\n\t\t\t<div class=\"elementor-widget-wrap elementor-element-populated\">\n\t\t\t\t\t\t<div class=\"elementor-element elementor-element-dca08b2 elementor-widget elementor-widget-heading\" data-id=\"dca08b2\" data-element_type=\"widget\" data-widget_type=\"heading.default\">\n\t\t\t\t<div class=\"elementor-widget-container\">\n\t\t\t<h2 class=\"elementor-heading-title elementor-size-default\">Harvennushakkuu:\u00a0\n<\/h2>\t\t<\/div>\n\t\t\t\t<\/div>\n\t\t\t\t<div class=\"elementor-element elementor-element-16bbd9a1 elementor-widget elementor-widget-text-editor\" data-id=\"16bbd9a1\" data-element_type=\"widget\" data-widget_type=\"text-editor.default\">\n\t\t\t\t<div class=\"elementor-widget-container\">\n\t\t\t\t\t\t\t<p><span data-contrast=\"auto\">Harvennetaan liian tihe\u00e4ss\u00e4 kasvavia puun runkoja, jolloin tuloksena jokaiselle kasvavalle puulle j\u00e4\u00e4 tarpeeksi tilaa. Harvennukset tehd\u00e4\u00e4n kahdesti 80 vuoden kasvuaikana.\u00a0<\/span><span data-ccp-props=\"{}\">\u00a0<\/span><\/p><p><span data-contrast=\"auto\">Tyypillisin harvennustapa Suomessa on alaharvennus, miss\u00e4 poistetaan kilpailussa suurempien yksil\u00f6iden varjoon j\u00e4\u00e4neet rungot. Yl\u00e4harvennuksessa puolestaan taas poistetaan selke\u00e4sti suurempia puuyksil\u00f6it\u00e4, jolloin harvennuksen tukkipuukertym\u00e4 kasvaa. Laatuharvennus on enimmikseen ensiharvennusm\u00e4nnik\u00f6iden harvennustapa, jossa olennaista on erityisen oksaisten, ns. susipuiden poisto. Sairaat puut poistetaan jokaisella harvennustavalla.<\/span><\/p>\t\t\t\t\t\t<\/div>\n\t\t\t\t<\/div>\n\t\t\t\t\t<\/div>\n\t\t<\/div>\n\t\t\t\t\t<\/div>\n\t\t<\/section>\n\t\t\t\t\t<\/div>\n\t\t<\/div>\n\t\t\t\t\t<\/div>\n\t\t<\/section>\n\t\t\t\t<section class=\"elementor-section elementor-top-section elementor-element elementor-element-541e5c66 elementor-section-boxed elementor-section-height-default elementor-section-height-default\" data-id=\"541e5c66\" data-element_type=\"section\">\n\t\t\t\t\t\t<div class=\"elementor-container elementor-column-gap-default\">\n\t\t\t\t\t<div class=\"elementor-column elementor-col-100 elementor-top-column elementor-element elementor-element-76de46c8\" data-id=\"76de46c8\" data-element_type=\"column\">\n\t\t\t<div class=\"elementor-widget-wrap elementor-element-populated\">\n\t\t\t\t\t\t<div class=\"elementor-element elementor-element-7642c554 elementor-widget elementor-widget-spacer\" data-id=\"7642c554\" data-element_type=\"widget\" data-widget_type=\"spacer.default\">\n\t\t\t\t<div class=\"elementor-widget-container\">\n\t\t\t\t\t<div class=\"elementor-spacer\">\n\t\t\t<div class=\"elementor-spacer-inner\"><\/div>\n\t\t<\/div>\n\t\t\t\t<\/div>\n\t\t\t\t<\/div>\n\t\t\t\t\t<\/div>\n\t\t<\/div>\n\t\t\t\t\t<\/div>\n\t\t<\/section>\n\t\t\t\t<section class=\"elementor-section elementor-top-section elementor-element elementor-element-9f04c3a elementor-section-full_width elementor-section-height-default elementor-section-height-default\" data-id=\"9f04c3a\" data-element_type=\"section\" data-settings=\"{&quot;background_background&quot;:&quot;classic&quot;}\">\n\t\t\t\t\t\t<div class=\"elementor-container elementor-column-gap-default\">\n\t\t\t\t\t<div class=\"elementor-column elementor-col-100 elementor-top-column elementor-element elementor-element-14fcad0d\" data-id=\"14fcad0d\" data-element_type=\"column\">\n\t\t\t<div class=\"elementor-widget-wrap elementor-element-populated\">\n\t\t\t\t\t\t<section class=\"elementor-section elementor-inner-section elementor-element elementor-element-6582f85b elementor-section-height-min-height animated-slow elementor-section-boxed elementor-section-height-default elementor-invisible\" data-id=\"6582f85b\" data-element_type=\"section\" data-settings=\"{&quot;background_background&quot;:&quot;classic&quot;,&quot;animation&quot;:&quot;fadeIn&quot;}\">\n\t\t\t\t\t\t<div class=\"elementor-container elementor-column-gap-default\">\n\t\t\t\t\t<div class=\"elementor-column elementor-col-100 elementor-inner-column elementor-element elementor-element-117c0c44\" data-id=\"117c0c44\" data-element_type=\"column\">\n\t\t\t<div class=\"elementor-widget-wrap elementor-element-populated\">\n\t\t\t\t\t\t<div class=\"elementor-element elementor-element-3be6eba8 elementor-widget elementor-widget-heading\" data-id=\"3be6eba8\" data-element_type=\"widget\" data-widget_type=\"heading.default\">\n\t\t\t\t<div class=\"elementor-widget-container\">\n\t\t\t<h2 class=\"elementor-heading-title elementor-size-default\">Miten toimia kun haluat myyd\u00e4 mets\u00e4\u00e4?<\/h2>\t\t<\/div>\n\t\t\t\t<\/div>\n\t\t\t\t<div class=\"elementor-element elementor-element-7e614631 elementor-widget elementor-widget-text-editor\" data-id=\"7e614631\" data-element_type=\"widget\" data-widget_type=\"text-editor.default\">\n\t\t\t\t<div class=\"elementor-widget-container\">\n\t\t\t\t\t\t\t<p>Jos haluat myyd\u00e4 mets\u00e4\u00e4 tai sinulla on kysytt\u00e4v\u00e4\u00e4 mets\u00e4n myymimisest\u00e4 ja hoitamisesta, yhteisty\u00f6kumppanimme Westas auttaa.<\/p>\t\t\t\t\t\t<\/div>\n\t\t\t\t<\/div>\n\t\t\t\t<div class=\"elementor-element elementor-element-6d2a58f elementor-widget elementor-widget-text-editor\" data-id=\"6d2a58f\" data-element_type=\"widget\" data-widget_type=\"text-editor.default\">\n\t\t\t\t<div class=\"elementor-widget-container\">\n\t\t\t\t\t\t\t<p><a href=\"https:\/\/westas.fi\/puunhankinta\/palvelut-metsanomistajille\/\">Westas &#8211; palvelut mets\u00e4omistajille<\/a><\/p>\t\t\t\t\t\t<\/div>\n\t\t\t\t<\/div>\n\t\t\t\t\t<\/div>\n\t\t<\/div>\n\t\t\t\t\t<\/div>\n\t\t<\/section>\n\t\t\t\t\t<\/div>\n\t\t<\/div>\n\t\t\t\t\t<\/div>\n\t\t<\/section>\n\t\t\t\t<section class=\"elementor-section elementor-top-section elementor-element elementor-element-19c96b9c elementor-section-boxed elementor-section-height-default elementor-section-height-default\" data-id=\"19c96b9c\" data-element_type=\"section\">\n\t\t\t\t\t\t<div class=\"elementor-container elementor-column-gap-default\">\n\t\t\t\t\t<div class=\"elementor-column elementor-col-100 elementor-top-column elementor-element elementor-element-78617e7e\" data-id=\"78617e7e\" data-element_type=\"column\">\n\t\t\t<div class=\"elementor-widget-wrap elementor-element-populated\">\n\t\t\t\t\t\t<div class=\"elementor-element elementor-element-315a49fa elementor-widget elementor-widget-spacer\" data-id=\"315a49fa\" data-element_type=\"widget\" data-widget_type=\"spacer.default\">\n\t\t\t\t<div class=\"elementor-widget-container\">\n\t\t\t\t\t<div class=\"elementor-spacer\">\n\t\t\t<div class=\"elementor-spacer-inner\"><\/div>\n\t\t<\/div>\n\t\t\t\t<\/div>\n\t\t\t\t<\/div>\n\t\t\t\t\t<\/div>\n\t\t<\/div>\n\t\t\t\t\t<\/div>\n\t\t<\/section>\n\t\t\t\t<\/div>\n\t\t","protected":false},"excerpt":{"rendered":"<p>Mets\u00e4koneurakointi Mets\u00e4koneurakointia jo vuodesta -86. Meill\u00e4 on 36 vuoden kokemus mets\u00e4koneurakoinnista.\u00a0 Palveluihimme kuuluu\u00a0uudistushakkuut, harvennushakkuut, ensiharvennushakkuut, sek\u00e4 my\u00f6s pienempi muotoiset tontinraivaus hakkuut. \u00a0 P\u00e4\u00e4tehakkuu eli uudistushakkuu:\u00a0 Kyps\u00e4\u00e4n ik\u00e4\u00e4n p\u00e4\u00e4ssyt puusto korjataan talteen ja mets\u00e4 uudistetaan. Uudistushakkuita on avohakkuu, siemen- ja suojapuuhakkuu, kaistalehakkuu ja pienaukkohakkuu.\u00a0 Harvennushakkuu:\u00a0 Harvennetaan liian tihe\u00e4ss\u00e4 kasvavia puun runkoja, jolloin tuloksena jokaiselle kasvavalle puulle&hellip;&nbsp;<a href=\"https:\/\/www.viitanenyhtiot.fi\/?page_id=491\" class=\"\" rel=\"bookmark\">Lue lis\u00e4\u00e4 &raquo;<span class=\"screen-reader-text\">Mets\u00e4koneurakointi<\/span><\/a><\/p>\n","protected":false},"author":1,"featured_media":0,"parent":0,"menu_order":0,"comment_status":"closed","ping_status":"closed","template":"elementor_header_footer","meta":{"neve_meta_sidebar":"","neve_meta_container":"","neve_meta_enable_content_width":"off","neve_meta_content_width":100,"neve_meta_title_alignment":"","neve_meta_author_avatar":"","neve_post_elements_order":"","neve_meta_disable_header":"","neve_meta_disable_footer":"","neve_meta_disable_title":"","footnotes":""},"yoast_head":"<!-- This site is optimized with the Yoast SEO plugin v22.8 - https:\/\/yoast.com\/wordpress\/plugins\/seo\/ -->\n<title>Mets\u00e4koneurakointi - Viitanen Yhti&ouml;t Oy<\/title>\n<meta name=\"robots\" content=\"index, follow, max-snippet:-1, max-image-preview:large, max-video-preview:-1\" \/>\n<link rel=\"canonical\" href=\"https:\/\/www.viitanenyhtiot.fi\/?page_id=491\" \/>\n<meta property=\"og:locale\" content=\"fi_FI\" \/>\n<meta property=\"og:type\" content=\"article\" \/>\n<meta property=\"og:title\" content=\"Mets\u00e4koneurakointi - Viitanen Yhti&ouml;t Oy\" \/>\n<meta property=\"og:description\" content=\"Mets\u00e4koneurakointi Mets\u00e4koneurakointia jo vuodesta -86. Meill\u00e4 on 36 vuoden kokemus mets\u00e4koneurakoinnista.\u00a0 Palveluihimme kuuluu\u00a0uudistushakkuut, harvennushakkuut, ensiharvennushakkuut, sek\u00e4 my\u00f6s pienempi muotoiset tontinraivaus hakkuut. \u00a0 P\u00e4\u00e4tehakkuu eli uudistushakkuu:\u00a0 Kyps\u00e4\u00e4n ik\u00e4\u00e4n p\u00e4\u00e4ssyt puusto korjataan talteen ja mets\u00e4 uudistetaan. Uudistushakkuita on avohakkuu, siemen- ja suojapuuhakkuu, kaistalehakkuu ja pienaukkohakkuu.\u00a0 Harvennushakkuu:\u00a0 Harvennetaan liian tihe\u00e4ss\u00e4 kasvavia puun runkoja, jolloin tuloksena jokaiselle kasvavalle puulle&hellip;&nbsp;Lue lis\u00e4\u00e4 &raquo;Mets\u00e4koneurakointi\" \/>\n<meta property=\"og:url\" content=\"https:\/\/www.viitanenyhtiot.fi\/?page_id=491\" \/>\n<meta property=\"og:site_name\" content=\"Viitanen Yhti&ouml;t Oy\" \/>\n<meta property=\"article:modified_time\" content=\"2024-05-31T09:20:00+00:00\" \/>\n<meta name=\"twitter:card\" content=\"summary_large_image\" \/>\n<meta name=\"twitter:label1\" content=\"Arvioitu lukuaika\" \/>\n\t<meta name=\"twitter:data1\" content=\"1 minuutti\" \/>\n<script type=\"application\/ld+json\" class=\"yoast-schema-graph\">{\"@context\":\"https:\/\/schema.org\",\"@graph\":[{\"@type\":\"WebPage\",\"@id\":\"https:\/\/www.viitanenyhtiot.fi\/?page_id=491\",\"url\":\"https:\/\/www.viitanenyhtiot.fi\/?page_id=491\",\"name\":\"Mets\u00e4koneurakointi - Viitanen Yhti&ouml;t Oy\",\"isPartOf\":{\"@id\":\"https:\/\/www.viitanenyhtiot.fi\/#website\"},\"datePublished\":\"2022-03-31T08:29:41+00:00\",\"dateModified\":\"2024-05-31T09:20:00+00:00\",\"breadcrumb\":{\"@id\":\"https:\/\/www.viitanenyhtiot.fi\/?page_id=491#breadcrumb\"},\"inLanguage\":\"fi\",\"potentialAction\":[{\"@type\":\"ReadAction\",\"target\":[\"https:\/\/www.viitanenyhtiot.fi\/?page_id=491\"]}]},{\"@type\":\"BreadcrumbList\",\"@id\":\"https:\/\/www.viitanenyhtiot.fi\/?page_id=491#breadcrumb\",\"itemListElement\":[{\"@type\":\"ListItem\",\"position\":1,\"name\":\"Etusivu\",\"item\":\"https:\/\/www.viitanenyhtiot.fi\/\"},{\"@type\":\"ListItem\",\"position\":2,\"name\":\"Mets\u00e4koneurakointi\"}]},{\"@type\":\"WebSite\",\"@id\":\"https:\/\/www.viitanenyhtiot.fi\/#website\",\"url\":\"https:\/\/www.viitanenyhtiot.fi\/\",\"name\":\"Viitanen Yhti&ouml;t Oy\",\"description\":\"urakointi\",\"publisher\":{\"@id\":\"https:\/\/www.viitanenyhtiot.fi\/#organization\"},\"potentialAction\":[{\"@type\":\"SearchAction\",\"target\":{\"@type\":\"EntryPoint\",\"urlTemplate\":\"https:\/\/www.viitanenyhtiot.fi\/?s={search_term_string}\"},\"query-input\":\"required name=search_term_string\"}],\"inLanguage\":\"fi\"},{\"@type\":\"Organization\",\"@id\":\"https:\/\/www.viitanenyhtiot.fi\/#organization\",\"name\":\"Viitanen yhti\u00f6t Oy\",\"url\":\"https:\/\/www.viitanenyhtiot.fi\/\",\"logo\":{\"@type\":\"ImageObject\",\"inLanguage\":\"fi\",\"@id\":\"https:\/\/www.viitanenyhtiot.fi\/#\/schema\/logo\/image\/\",\"url\":\"https:\/\/www.viitanenyhtiot.fi\/wp-content\/uploads\/2022\/02\/PHOTO-2022-02-05-12-12-27.jpg\",\"contentUrl\":\"https:\/\/www.viitanenyhtiot.fi\/wp-content\/uploads\/2022\/02\/PHOTO-2022-02-05-12-12-27.jpg\",\"width\":396,\"height\":97,\"caption\":\"Viitanen yhti\u00f6t Oy\"},\"image\":{\"@id\":\"https:\/\/www.viitanenyhtiot.fi\/#\/schema\/logo\/image\/\"}}]}<\/script>\n<!-- \/ Yoast SEO plugin. -->","yoast_head_json":{"title":"Mets\u00e4koneurakointi - Viitanen Yhti&ouml;t Oy","robots":{"index":"index","follow":"follow","max-snippet":"max-snippet:-1","max-image-preview":"max-image-preview:large","max-video-preview":"max-video-preview:-1"},"canonical":"https:\/\/www.viitanenyhtiot.fi\/?page_id=491","og_locale":"fi_FI","og_type":"article","og_title":"Mets\u00e4koneurakointi - Viitanen Yhti&ouml;t Oy","og_description":"Mets\u00e4koneurakointi Mets\u00e4koneurakointia jo vuodesta -86. Meill\u00e4 on 36 vuoden kokemus mets\u00e4koneurakoinnista.\u00a0 Palveluihimme kuuluu\u00a0uudistushakkuut, harvennushakkuut, ensiharvennushakkuut, sek\u00e4 my\u00f6s pienempi muotoiset tontinraivaus hakkuut. \u00a0 P\u00e4\u00e4tehakkuu eli uudistushakkuu:\u00a0 Kyps\u00e4\u00e4n ik\u00e4\u00e4n p\u00e4\u00e4ssyt puusto korjataan talteen ja mets\u00e4 uudistetaan. Uudistushakkuita on avohakkuu, siemen- ja suojapuuhakkuu, kaistalehakkuu ja pienaukkohakkuu.\u00a0 Harvennushakkuu:\u00a0 Harvennetaan liian tihe\u00e4ss\u00e4 kasvavia puun runkoja, jolloin tuloksena jokaiselle kasvavalle puulle&hellip;&nbsp;Lue lis\u00e4\u00e4 &raquo;Mets\u00e4koneurakointi","og_url":"https:\/\/www.viitanenyhtiot.fi\/?page_id=491","og_site_name":"Viitanen Yhti&ouml;t Oy","article_modified_time":"2024-05-31T09:20:00+00:00","twitter_card":"summary_large_image","twitter_misc":{"Arvioitu lukuaika":"1 minuutti"},"schema":{"@context":"https:\/\/schema.org","@graph":[{"@type":"WebPage","@id":"https:\/\/www.viitanenyhtiot.fi\/?page_id=491","url":"https:\/\/www.viitanenyhtiot.fi\/?page_id=491","name":"Mets\u00e4koneurakointi - Viitanen Yhti&ouml;t Oy","isPartOf":{"@id":"https:\/\/www.viitanenyhtiot.fi\/#website"},"datePublished":"2022-03-31T08:29:41+00:00","dateModified":"2024-05-31T09:20:00+00:00","breadcrumb":{"@id":"https:\/\/www.viitanenyhtiot.fi\/?page_id=491#breadcrumb"},"inLanguage":"fi","potentialAction":[{"@type":"ReadAction","target":["https:\/\/www.viitanenyhtiot.fi\/?page_id=491"]}]},{"@type":"BreadcrumbList","@id":"https:\/\/www.viitanenyhtiot.fi\/?page_id=491#breadcrumb","itemListElement":[{"@type":"ListItem","position":1,"name":"Etusivu","item":"https:\/\/www.viitanenyhtiot.fi\/"},{"@type":"ListItem","position":2,"name":"Mets\u00e4koneurakointi"}]},{"@type":"WebSite","@id":"https:\/\/www.viitanenyhtiot.fi\/#website","url":"https:\/\/www.viitanenyhtiot.fi\/","name":"Viitanen Yhti&ouml;t Oy","description":"urakointi","publisher":{"@id":"https:\/\/www.viitanenyhtiot.fi\/#organization"},"potentialAction":[{"@type":"SearchAction","target":{"@type":"EntryPoint","urlTemplate":"https:\/\/www.viitanenyhtiot.fi\/?s={search_term_string}"},"query-input":"required name=search_term_string"}],"inLanguage":"fi"},{"@type":"Organization","@id":"https:\/\/www.viitanenyhtiot.fi\/#organization","name":"Viitanen yhti\u00f6t Oy","url":"https:\/\/www.viitanenyhtiot.fi\/","logo":{"@type":"ImageObject","inLanguage":"fi","@id":"https:\/\/www.viitanenyhtiot.fi\/#\/schema\/logo\/image\/","url":"https:\/\/www.viitanenyhtiot.fi\/wp-content\/uploads\/2022\/02\/PHOTO-2022-02-05-12-12-27.jpg","contentUrl":"https:\/\/www.viitanenyhtiot.fi\/wp-content\/uploads\/2022\/02\/PHOTO-2022-02-05-12-12-27.jpg","width":396,"height":97,"caption":"Viitanen yhti\u00f6t Oy"},"image":{"@id":"https:\/\/www.viitanenyhtiot.fi\/#\/schema\/logo\/image\/"}}]}},"_links":{"self":[{"href":"https:\/\/www.viitanenyhtiot.fi\/index.php?rest_route=\/wp\/v2\/pages\/491"}],"collection":[{"href":"https:\/\/www.viitanenyhtiot.fi\/index.php?rest_route=\/wp\/v2\/pages"}],"about":[{"href":"https:\/\/www.viitanenyhtiot.fi\/index.php?rest_route=\/wp\/v2\/types\/page"}],"author":[{"embeddable":true,"href":"https:\/\/www.viitanenyhtiot.fi\/index.php?rest_route=\/wp\/v2\/users\/1"}],"replies":[{"embeddable":true,"href":"https:\/\/www.viitanenyhtiot.fi\/index.php?rest_route=%2Fwp%2Fv2%2Fcomments&post=491"}],"version-history":[{"count":225,"href":"https:\/\/www.viitanenyhtiot.fi\/index.php?rest_route=\/wp\/v2\/pages\/491\/revisions"}],"predecessor-version":[{"id":3026,"href":"https:\/\/www.viitanenyhtiot.fi\/index.php?rest_route=\/wp\/v2\/pages\/491\/revisions\/3026"}],"wp:attachment":[{"href":"https:\/\/www.viitanenyhtiot.fi\/index.php?rest_route=%2Fwp%2Fv2%2Fmedia&parent=491"}],"curies":[{"name":"wp","href":"https:\/\/api.w.org\/{rel}","templated":true}]}}